{"id":299,"date":"2021-05-30T00:28:30","date_gmt":"2021-05-29T22:28:30","guid":{"rendered":"http:\/\/2020.24-stunden-schwimmen.de\/?page_id=299"},"modified":"2021-05-30T00:30:12","modified_gmt":"2021-05-29T22:30:12","slug":"impressum","status":"publish","type":"page","link":"https:\/\/24-stunden-schwimmen.de\/?page_id=299","title":{"rendered":"Impressum"},"content":{"rendered":"\n<div class=\"wp-block-columns is-layout-flex wp-container-core-columns-is-layout-9d6595d7 wp-block-columns-is-layout-flex\">\n<div class=\"wp-block-column is-layout-flow wp-block-column-is-layout-flow\" style=\"flex-basis:33.33%\">\n<figure class=\"wp-block-image size-large\"><img loading=\"lazy\" decoding=\"async\" width=\"511\" height=\"1024\" src=\"http:\/\/2020.24-stunden-schwimmen.de\/wp-content\/uploads\/2021\/05\/24_impressum-511x1024.jpg\" alt=\"\" class=\"wp-image-301\" srcset=\"https:\/\/24-stunden-schwimmen.de\/wp-content\/uploads\/2021\/05\/24_impressum-511x1024.jpg 511w, https:\/\/24-stunden-schwimmen.de\/wp-content\/uploads\/2021\/05\/24_impressum-150x300.jpg 150w, https:\/\/24-stunden-schwimmen.de\/wp-content\/uploads\/2021\/05\/24_impressum.jpg 557w\" sizes=\"auto, (max-width: 511px) 100vw, 511px\" \/><\/figure>\n<\/div>\n\n\n\n<div class=\"wp-block-column is-layout-flow wp-block-column-is-layout-flow\" style=\"flex-basis:66.66%\">\n<p style=\"font-size:17px\"><strong>Meininger Schwimmverein &#8222;Wasserfreunde&#8220; e.V.<\/strong><br><strong>Gesch\u00e4ftsstelle Rohrer Stirn 2, 98617 Meiningen<\/strong><\/p>\n\n\n\n<p style=\"font-size:17px\">Telefon: +49 (3693) 470253<br>Fax: +49 (3693) 509723<\/p>\n\n\n\n<p style=\"font-size:17px\">E-Mail: info(ad)svwasserfreunde.de<br>WEB: www.svwasserfreunde.de<\/p>\n\n\n\n<p style=\"font-size:17px\"><strong>Haftungsausschluss<\/strong><br>Mit dem Betrachten dieser Internetseite erkl\u00e4ren Sie sich mit dem Inhalt des nachfolgend formulierten Haftungsausschlusses einverstanden!<br><strong><br>Inhalt der Internetseite<\/strong><br>Der Meininger Schwimmverein &#8222;Wasserfreunde&#8220; e.V. bzw. die Verfasser einzelner Teile dieser Internetseite (nachfolgend: Autoren) \u00fcbernehmen keine Gew\u00e4hr f\u00fcr die Aktualit\u00e4t, Korrektheit, Vollst\u00e4ndigkeit oder Qualit\u00e4t der bereit gestellten Informationen. Soweit auf dieser Internetseite Ver\u00f6ffentlichungen erfolgen, die nach der Satzung oder den Ordnungen des Meininger Schwimmverein &#8222;Wasserfreunde&#8220; e.V. einer Ver\u00f6ffentlichung im amtlichen Organ bed\u00fcrfen, gilt ausschlie\u00dflich der im amtlichen Organ (z. Z. swim&amp;more) ver\u00f6ffentlichte Text. Haftungsanspr\u00fcche gegen den Meininger Schwimmverein &#8222;Wasserfreunde&#8220; e.V. oder die Autoren wegen Sch\u00e4den materieller oder ideeller Art, die durch die Nutzung oder Nichtnutzung der dargebotenen Informationen bzw. durch die Nutzung fehlerhafter und\/oder unvollst\u00e4ndiger Informationen verursacht werden, sind grunds\u00e4tzlich ausgeschlossen es sei denn, dem Meininger Schwimmverein &#8222;Wasserfreunde&#8220; e.V. oder den Autoren f\u00e4llt nachweislich vors\u00e4tzliches oder grob fahrl\u00e4ssiges Verhalten zur Last.<br>Alle eventuell auf dieser Internetseite unterbreiteten Angebote sind freibleibend und unverbindlich. Der Meininger Schwimmverein &#8222;Wasserfreunde&#8220; e.V. und die Autoren behalten sich ausdr\u00fccklich vor, diese Internetseite ganz oder teilweise ohne besondere Ank\u00fcndigung zu ver\u00e4ndern, zu erg\u00e4nzen, zu l\u00f6schen oder die Ver\u00f6ffentlichung zeitweise oder auf Dauer einzustellen.<\/p>\n\n\n\n<p style=\"font-size:17px\"><strong>Verweise und Links<\/strong><br>Nach der Rechtsprechung tritt bei direkten oder indirekten Verweisen auf fremden Internetseiten (Links) die au\u00dferhalb des Verantwortungsbereichs des Meininger Schwimmverein &#8222;Wasserfreunde&#8220; e.V. oder der Autoren liegen, eine Haftung ausschlie\u00dflich ein, wenn der Meininger Schwimmverein &#8222;Wasserfreunde&#8220; e.V. oder die Autoren von den Inhalten Kenntnis haben und es ihnen technisch m\u00f6glich und zumutbar (gewesen) w\u00e4re, die Nutzung im Falle rechtswidriger Inhalte zu verhindern. Der Meininger Schwimmverein &#8222;Wasserfreunde&#8220; e.V. und die Autoren erkl\u00e4ren ausdr\u00fccklich, dass zum Zeitpunkt der Linksetzung die entsprechenden verlinkten Seiten frei von illegalen Inhalten waren. Der Meininger Schwimmverein &#8222;Wasserfreunde&#8220; e.V. und die Autoren haben keinerlei Einfluss auf die aktuelle oder eine zuk\u00fcnftige Gestaltung und auf die Inhalte von verlinkten\/verkn\u00fcpften Seiten. Sie distanzieren sich deshalb ausdr\u00fccklich von allen Inhalten aller verlinkten\/verkn\u00fcpften Seiten, die nach der Linksetzung ver\u00e4ndert wurden. Diese Feststellung gilt f\u00fcr alle innerhalb des eigenen Internetangebotes gesetzten Links und Verweise sowie f\u00fcr Fremdeintr\u00e4ge insbesondere in eingerichteten G\u00e4steb\u00fcchern, Diskussionsforen und Mailinglisten. F\u00fcr illegale, fehlerhafte oder unvollst\u00e4ndige Inhalte und insbesondere f\u00fcr Sch\u00e4den, die aus der Nutzung oder Nichtnutzung von dergestalt dargebotenen Informationen entstehen, haftet allein der Anbieter der Seite, auf die verwiesen wurde, und nicht derjenige, der \u00fcber Links auf die jeweilige Ver\u00f6ffentlichung lediglich verweist.<\/p>\n\n\n\n<p style=\"font-size:17px\"><strong>Urheber- und Kennzeichenrecht<\/strong><br>Der Meininger Schwimmverein &#8222;Wasserfreunde&#8220; e.V. und die Autoren sind bem\u00fcht, in allen Ver\u00f6ffentlichungen die Urheberrechte Dritter an verwendeten Grafiken, Dokumenten, Tondokumenten etc. zu beachten und insbesondere m\u00f6glichst nur selbst erstellte Grafiken, Dokumente, Tondokumente etc. zu nutzen oder auf lizenzfreie Grafiken, Dokumente, Tondokumente etc. zur\u00fcckzugreifen. Alle innerhalb dieses Internetangebotes genannten\/verwendeten und ggf. durch Dritte gesch\u00fctzten Marken- und Warenzeichen unterliegen ohne Einschr\u00e4nkung den Bestimmungen des jeweils g\u00fcltigen Kennzeichenrechts und den Besitz- und Verwertungsrechten der jeweiligen eingetragenen Eigent\u00fcmer. Die blo\u00dfe Nennung dieser Marken- und Warenzeichen rechtfertigt nicht den Schluss, dass diese nicht durch Rechte Dritter gesch\u00fctzt sind. Das Copyright f\u00fcr ver\u00f6ffentlichte, vom Meininger Schwimmverein &#8222;Wasserfreunde&#8220; e.V. oder anderen Autoren selbst erstellte Objekte bleibt allein beim Meininger Schwimmverein &#8222;Wasserfreunde&#8220; e.V. bzw. den Autoren der Seiten. Eine Vervielf\u00e4ltigung oder Verwendung solcher Grafiken, Dokumente, Tondokumente etc. in anderen elektronischen oder gedruckten Ver\u00f6ffentlichungen ist nur mit ausdr\u00fccklicher schriftlicher Zustimmung des Meininger Schwimmverein &#8222;Wasserfreunde&#8220; e.V. bzw. der Autoren erlaubt.<br><strong><br>Rechtswirksamkeit des Haftungsausschluss<\/strong><br>Dieser Haftungsausschluss ist als Teil des Internetangebotes zu betrachten, von wem aus auf diese Seite verwiesen wurde. Sofern Teile oder einzelne Formulierungen dieses Textes der geltenden Rechtslage nicht, nicht mehr oder nicht vollst\u00e4ndig entsprechen, bleiben die \u00fcbrigen Regelungen hiervon unber\u00fchrt.<\/p>\n<\/div>\n<\/div>\n","protected":false},"excerpt":{"rendered":"<p>Meininger Schwimmverein &#8222;Wasserfreunde&#8220; e.V.Gesch\u00e4ftsstelle Rohrer Stirn 2, 98617 Meiningen Telefon: +49 (3693) 470253Fax: +49 (3693) 509723 E-Mail: info(ad)svwasserfreunde.deWEB: www.svwasserfreunde.de HaftungsausschlussMit dem Betrachten dieser Internetseite erkl\u00e4ren Sie sich mit dem Inhalt des nachfolgend formulierten Haftungsausschlusses einverstanden!Inhalt der InternetseiteDer Meininger Schwimmverein &#8222;Wasserfreunde&#8220; &hellip; <a href=\"https:\/\/24-stunden-schwimmen.de\/?page_id=299\">Weiter<\/a><\/p>\n","protected":false},"author":3,"featured_media":0,"parent":0,"menu_order":0,"comment_status":"closed","ping_status":"closed","template":"","meta":{"_eb_attr":"","kt_blocks_editor_width":"","footnotes":""},"class_list":["post-299","page","type-page","status-publish","hentry"],"yoast_head":"<!-- This site is optimized with the Yoast SEO plugin v27.5 - https:\/\/yoast.com\/product\/yoast-seo-wordpress\/ -->\n<title>Impressum - Das Meininger 24-Stunden-Schwimmen<\/title>\n<meta name=\"robots\" content=\"index, follow, max-snippet:-1, max-image-preview:large, max-video-preview:-1\" \/>\n<link rel=\"canonical\" href=\"https:\/\/24-stunden-schwimmen.de\/?page_id=299\" \/>\n<meta property=\"og:locale\" content=\"de_DE\" \/>\n<meta property=\"og:type\" content=\"article\" \/>\n<meta property=\"og:title\" content=\"Impressum - Das Meininger 24-Stunden-Schwimmen\" \/>\n<meta property=\"og:description\" content=\"Meininger Schwimmverein &#8222;Wasserfreunde&#8220; e.V.Gesch\u00e4ftsstelle Rohrer Stirn 2, 98617 Meiningen Telefon: +49 (3693) 470253Fax: +49 (3693) 509723 E-Mail: info(ad)svwasserfreunde.deWEB: www.svwasserfreunde.de HaftungsausschlussMit dem Betrachten dieser Internetseite erkl\u00e4ren Sie sich mit dem Inhalt des nachfolgend formulierten Haftungsausschlusses einverstanden!Inhalt der InternetseiteDer Meininger Schwimmverein &#8222;Wasserfreunde&#8220; &hellip; Weiter\" \/>\n<meta property=\"og:url\" content=\"https:\/\/24-stunden-schwimmen.de\/?page_id=299\" \/>\n<meta property=\"og:site_name\" content=\"Das Meininger 24-Stunden-Schwimmen\" \/>\n<meta property=\"article:publisher\" content=\"https:\/\/www.facebook.com\/Meininger24StundenSchwimmen\" \/>\n<meta property=\"article:modified_time\" content=\"2021-05-29T22:30:12+00:00\" \/>\n<meta property=\"og:image\" content=\"http:\/\/2020.24-stunden-schwimmen.de\/wp-content\/uploads\/2021\/05\/24_impressum-511x1024.jpg\" \/>\n<meta name=\"twitter:card\" content=\"summary_large_image\" \/>\n<meta name=\"twitter:label1\" content=\"Gesch\u00e4tzte Lesezeit\" \/>\n\t<meta name=\"twitter:data1\" content=\"3\u00a0Minuten\" \/>\n<script type=\"application\/ld+json\" class=\"yoast-schema-graph\">{\"@context\":\"https:\\\/\\\/schema.org\",\"@graph\":[{\"@type\":\"WebPage\",\"@id\":\"https:\\\/\\\/24-stunden-schwimmen.de\\\/?page_id=299\",\"url\":\"https:\\\/\\\/24-stunden-schwimmen.de\\\/?page_id=299\",\"name\":\"Impressum - Das Meininger 24-Stunden-Schwimmen\",\"isPartOf\":{\"@id\":\"https:\\\/\\\/24-stunden-schwimmen.de\\\/#website\"},\"primaryImageOfPage\":{\"@id\":\"https:\\\/\\\/24-stunden-schwimmen.de\\\/?page_id=299#primaryimage\"},\"image\":{\"@id\":\"https:\\\/\\\/24-stunden-schwimmen.de\\\/?page_id=299#primaryimage\"},\"thumbnailUrl\":\"http:\\\/\\\/2020.24-stunden-schwimmen.de\\\/wp-content\\\/uploads\\\/2021\\\/05\\\/24_impressum-511x1024.jpg\",\"datePublished\":\"2021-05-29T22:28:30+00:00\",\"dateModified\":\"2021-05-29T22:30:12+00:00\",\"breadcrumb\":{\"@id\":\"https:\\\/\\\/24-stunden-schwimmen.de\\\/?page_id=299#breadcrumb\"},\"inLanguage\":\"de\",\"potentialAction\":[{\"@type\":\"ReadAction\",\"target\":[\"https:\\\/\\\/24-stunden-schwimmen.de\\\/?page_id=299\"]}]},{\"@type\":\"ImageObject\",\"inLanguage\":\"de\",\"@id\":\"https:\\\/\\\/24-stunden-schwimmen.de\\\/?page_id=299#primaryimage\",\"url\":\"http:\\\/\\\/2020.24-stunden-schwimmen.de\\\/wp-content\\\/uploads\\\/2021\\\/05\\\/24_impressum-511x1024.jpg\",\"contentUrl\":\"http:\\\/\\\/2020.24-stunden-schwimmen.de\\\/wp-content\\\/uploads\\\/2021\\\/05\\\/24_impressum-511x1024.jpg\"},{\"@type\":\"BreadcrumbList\",\"@id\":\"https:\\\/\\\/24-stunden-schwimmen.de\\\/?page_id=299#breadcrumb\",\"itemListElement\":[{\"@type\":\"ListItem\",\"position\":1,\"name\":\"Startseite\",\"item\":\"https:\\\/\\\/24-stunden-schwimmen.de\\\/\"},{\"@type\":\"ListItem\",\"position\":2,\"name\":\"Impressum\"}]},{\"@type\":\"WebSite\",\"@id\":\"https:\\\/\\\/24-stunden-schwimmen.de\\\/#website\",\"url\":\"https:\\\/\\\/24-stunden-schwimmen.de\\\/\",\"name\":\"Das Meininger 24-Stunden-Schwimmen\",\"description\":\"Der Schwimmklassiker in Meiningen (Th\u00fcringen)\",\"publisher\":{\"@id\":\"https:\\\/\\\/24-stunden-schwimmen.de\\\/#organization\"},\"potentialAction\":[{\"@type\":\"SearchAction\",\"target\":{\"@type\":\"EntryPoint\",\"urlTemplate\":\"https:\\\/\\\/24-stunden-schwimmen.de\\\/?s={search_term_string}\"},\"query-input\":{\"@type\":\"PropertyValueSpecification\",\"valueRequired\":true,\"valueName\":\"search_term_string\"}}],\"inLanguage\":\"de\"},{\"@type\":\"Organization\",\"@id\":\"https:\\\/\\\/24-stunden-schwimmen.de\\\/#organization\",\"name\":\"Meininger Schwimmverein \\\"Wasserfreunde\\\" e.V.\",\"url\":\"https:\\\/\\\/24-stunden-schwimmen.de\\\/\",\"logo\":{\"@type\":\"ImageObject\",\"inLanguage\":\"de\",\"@id\":\"https:\\\/\\\/24-stunden-schwimmen.de\\\/#\\\/schema\\\/logo\\\/image\\\/\",\"url\":\"https:\\\/\\\/24-stunden-schwimmen.de\\\/wp-content\\\/uploads\\\/2023\\\/06\\\/24h-Logo.webp\",\"contentUrl\":\"https:\\\/\\\/24-stunden-schwimmen.de\\\/wp-content\\\/uploads\\\/2023\\\/06\\\/24h-Logo.webp\",\"width\":320,\"height\":330,\"caption\":\"Meininger Schwimmverein \\\"Wasserfreunde\\\" e.V.\"},\"image\":{\"@id\":\"https:\\\/\\\/24-stunden-schwimmen.de\\\/#\\\/schema\\\/logo\\\/image\\\/\"},\"sameAs\":[\"https:\\\/\\\/www.facebook.com\\\/Meininger24StundenSchwimmen\",\"https:\\\/\\\/www.instagram.com\\\/svwasserfreunde\\\/\",\"https:\\\/\\\/www.youtube.com\\\/channel\\\/UC6X4rRlZrgOI3k-11MJbr6A\\\/featured\"]}]}<\/script>\n<!-- \/ Yoast SEO plugin. -->","yoast_head_json":{"title":"Impressum - Das Meininger 24-Stunden-Schwimmen","robots":{"index":"index","follow":"follow","max-snippet":"max-snippet:-1","max-image-preview":"max-image-preview:large","max-video-preview":"max-video-preview:-1"},"canonical":"https:\/\/24-stunden-schwimmen.de\/?page_id=299","og_locale":"de_DE","og_type":"article","og_title":"Impressum - Das Meininger 24-Stunden-Schwimmen","og_description":"Meininger Schwimmverein &#8222;Wasserfreunde&#8220; e.V.Gesch\u00e4ftsstelle Rohrer Stirn 2, 98617 Meiningen Telefon: +49 (3693) 470253Fax: +49 (3693) 509723 E-Mail: info(ad)svwasserfreunde.deWEB: www.svwasserfreunde.de HaftungsausschlussMit dem Betrachten dieser Internetseite erkl\u00e4ren Sie sich mit dem Inhalt des nachfolgend formulierten Haftungsausschlusses einverstanden!Inhalt der InternetseiteDer Meininger Schwimmverein &#8222;Wasserfreunde&#8220; &hellip; Weiter","og_url":"https:\/\/24-stunden-schwimmen.de\/?page_id=299","og_site_name":"Das Meininger 24-Stunden-Schwimmen","article_publisher":"https:\/\/www.facebook.com\/Meininger24StundenSchwimmen","article_modified_time":"2021-05-29T22:30:12+00:00","og_image":[{"url":"http:\/\/2020.24-stunden-schwimmen.de\/wp-content\/uploads\/2021\/05\/24_impressum-511x1024.jpg","type":"","width":"","height":""}],"twitter_card":"summary_large_image","twitter_misc":{"Gesch\u00e4tzte Lesezeit":"3\u00a0Minuten"},"schema":{"@context":"https:\/\/schema.org","@graph":[{"@type":"WebPage","@id":"https:\/\/24-stunden-schwimmen.de\/?page_id=299","url":"https:\/\/24-stunden-schwimmen.de\/?page_id=299","name":"Impressum - Das Meininger 24-Stunden-Schwimmen","isPartOf":{"@id":"https:\/\/24-stunden-schwimmen.de\/#website"},"primaryImageOfPage":{"@id":"https:\/\/24-stunden-schwimmen.de\/?page_id=299#primaryimage"},"image":{"@id":"https:\/\/24-stunden-schwimmen.de\/?page_id=299#primaryimage"},"thumbnailUrl":"http:\/\/2020.24-stunden-schwimmen.de\/wp-content\/uploads\/2021\/05\/24_impressum-511x1024.jpg","datePublished":"2021-05-29T22:28:30+00:00","dateModified":"2021-05-29T22:30:12+00:00","breadcrumb":{"@id":"https:\/\/24-stunden-schwimmen.de\/?page_id=299#breadcrumb"},"inLanguage":"de","potentialAction":[{"@type":"ReadAction","target":["https:\/\/24-stunden-schwimmen.de\/?page_id=299"]}]},{"@type":"ImageObject","inLanguage":"de","@id":"https:\/\/24-stunden-schwimmen.de\/?page_id=299#primaryimage","url":"http:\/\/2020.24-stunden-schwimmen.de\/wp-content\/uploads\/2021\/05\/24_impressum-511x1024.jpg","contentUrl":"http:\/\/2020.24-stunden-schwimmen.de\/wp-content\/uploads\/2021\/05\/24_impressum-511x1024.jpg"},{"@type":"BreadcrumbList","@id":"https:\/\/24-stunden-schwimmen.de\/?page_id=299#breadcrumb","itemListElement":[{"@type":"ListItem","position":1,"name":"Startseite","item":"https:\/\/24-stunden-schwimmen.de\/"},{"@type":"ListItem","position":2,"name":"Impressum"}]},{"@type":"WebSite","@id":"https:\/\/24-stunden-schwimmen.de\/#website","url":"https:\/\/24-stunden-schwimmen.de\/","name":"Das Meininger 24-Stunden-Schwimmen","description":"Der Schwimmklassiker in Meiningen (Th\u00fcringen)","publisher":{"@id":"https:\/\/24-stunden-schwimmen.de\/#organization"},"potentialAction":[{"@type":"SearchAction","target":{"@type":"EntryPoint","urlTemplate":"https:\/\/24-stunden-schwimmen.de\/?s={search_term_string}"},"query-input":{"@type":"PropertyValueSpecification","valueRequired":true,"valueName":"search_term_string"}}],"inLanguage":"de"},{"@type":"Organization","@id":"https:\/\/24-stunden-schwimmen.de\/#organization","name":"Meininger Schwimmverein \"Wasserfreunde\" e.V.","url":"https:\/\/24-stunden-schwimmen.de\/","logo":{"@type":"ImageObject","inLanguage":"de","@id":"https:\/\/24-stunden-schwimmen.de\/#\/schema\/logo\/image\/","url":"https:\/\/24-stunden-schwimmen.de\/wp-content\/uploads\/2023\/06\/24h-Logo.webp","contentUrl":"https:\/\/24-stunden-schwimmen.de\/wp-content\/uploads\/2023\/06\/24h-Logo.webp","width":320,"height":330,"caption":"Meininger Schwimmverein \"Wasserfreunde\" e.V."},"image":{"@id":"https:\/\/24-stunden-schwimmen.de\/#\/schema\/logo\/image\/"},"sameAs":["https:\/\/www.facebook.com\/Meininger24StundenSchwimmen","https:\/\/www.instagram.com\/svwasserfreunde\/","https:\/\/www.youtube.com\/channel\/UC6X4rRlZrgOI3k-11MJbr6A\/featured"]}]}},"_links":{"self":[{"href":"https:\/\/24-stunden-schwimmen.de\/index.php?rest_route=\/wp\/v2\/pages\/299","targetHints":{"allow":["GET"]}}],"collection":[{"href":"https:\/\/24-stunden-schwimmen.de\/index.php?rest_route=\/wp\/v2\/pages"}],"about":[{"href":"https:\/\/24-stunden-schwimmen.de\/index.php?rest_route=\/wp\/v2\/types\/page"}],"author":[{"embeddable":true,"href":"https:\/\/24-stunden-schwimmen.de\/index.php?rest_route=\/wp\/v2\/users\/3"}],"replies":[{"embeddable":true,"href":"https:\/\/24-stunden-schwimmen.de\/index.php?rest_route=%2Fwp%2Fv2%2Fcomments&post=299"}],"version-history":[{"count":2,"href":"https:\/\/24-stunden-schwimmen.de\/index.php?rest_route=\/wp\/v2\/pages\/299\/revisions"}],"predecessor-version":[{"id":304,"href":"https:\/\/24-stunden-schwimmen.de\/index.php?rest_route=\/wp\/v2\/pages\/299\/revisions\/304"}],"wp:attachment":[{"href":"https:\/\/24-stunden-schwimmen.de\/index.php?rest_route=%2Fwp%2Fv2%2Fmedia&parent=299"}],"curies":[{"name":"wp","href":"https:\/\/api.w.org\/{rel}","templated":true}]}}