{"id":217,"date":"2021-05-29T20:58:27","date_gmt":"2021-05-29T18:58:27","guid":{"rendered":"http:\/\/2020.24-stunden-schwimmen.de\/?page_id=217"},"modified":"2022-03-16T18:01:57","modified_gmt":"2022-03-16T16:01:57","slug":"ueber-uns","status":"publish","type":"page","link":"https:\/\/24-stunden-schwimmen.de\/?page_id=217","title":{"rendered":"\u00dcber uns"},"content":{"rendered":"\n<div class=\"wp-block-columns is-layout-flex wp-container-core-columns-is-layout-9d6595d7 wp-block-columns-is-layout-flex\">\n<div class=\"wp-block-column is-layout-flow wp-block-column-is-layout-flow\" style=\"flex-basis:33.33%\">\n<figure class=\"wp-block-image size-large\"><img loading=\"lazy\" decoding=\"async\" width=\"768\" height=\"1024\" src=\"https:\/\/24-stunden-schwimmen.de\/wp-content\/uploads\/2021\/05\/24h_org-768x1024.jpg\" alt=\"\" class=\"wp-image-347\" srcset=\"https:\/\/24-stunden-schwimmen.de\/wp-content\/uploads\/2021\/05\/24h_org-768x1024.jpg 768w, https:\/\/24-stunden-schwimmen.de\/wp-content\/uploads\/2021\/05\/24h_org-225x300.jpg 225w, https:\/\/24-stunden-schwimmen.de\/wp-content\/uploads\/2021\/05\/24h_org-1152x1536.jpg 1152w, https:\/\/24-stunden-schwimmen.de\/wp-content\/uploads\/2021\/05\/24h_org.jpg 1512w\" sizes=\"auto, (max-width: 768px) 100vw, 768px\" \/><\/figure>\n<\/div>\n\n\n\n<div class=\"wp-block-column is-layout-flow wp-block-column-is-layout-flow\" style=\"flex-basis:66.66%\">\n<p class=\"has-medium-font-size\"><strong>Beste Werbung f\u00fcrs Schwimmen<\/strong><br><strong>Das Meininger 24-Stunden-Schwimmen f\u00fcr Jedermann<\/strong><\/p>\n\n\n\n<p style=\"font-size:17px\">Es ist die besondere Mischung aus Breiten- und Extremsport, aus Wettkampf und Spa\u00df, die das Meininger 24-Stunden-Schwimmen weit \u00fcber die Stadt-, Kreis- und Landesgrenze bekannt und beliebt gemacht hat. Egal ob 50 Meter eines Kindergartenkindes, 2 Kilometer eines 90-j\u00e4hrigen oder 100 Kilometer der Weltrekordhalterin Vera Niemeyer, in Meiningen z\u00e4hlt jeder Teilnehmer und jeder Meter im Wasser. M\u00f6glichst viele Besucher f\u00fcrs Schwimmen zu motivieren, das ist das erkl\u00e4rte Ziel der Veranstalter aus den Reihen der Meininger Wasserfreunde und des B\u00e4derteams der Meininger Stadtwerke.<\/p>\n\n\n\n<figure class=\"wp-block-pullquote\"><blockquote><p>Das Meininger 24-Stunden-Schwimmen ist eine reine Non-Profit-Veranstaltung, f\u00fcr die sich an den Veranstaltungstagen mehr als 250 Ehrenamtliche engagieren.<\/p><\/blockquote><\/figure>\n\n\n\n<p style=\"font-size:17px\">Und wir wollen auch gleich das gr\u00f6\u00dfte Missverst\u00e4ndnis ausr\u00e4umen. Nein, man muss nicht 24 Stunden am St\u00fcck schwimmen. Innerhalb der 24 Stunden kann man so oft man will das Becken verlassen und wieder eintauchen. Man kann Samstag um 14 Uhr mit dem Startschuss beginnen oder erst am Samstagabend oder auch erst am Sonntagvormittag. Man kann 50 Meter schwimmen oder 50 Kilometer. Wichtig ist, man sollte Spa\u00df dabei haben. F\u00fcr den sorgt ganz nebenbei auch das Rahmenprogramm, welches beste Unterhaltung rund um die Uhr garantiert. Zur Siegerehrung am Sonntag warten dann 18 Pokale auf die Gewinner und Gewinnerinnen.<\/p>\n\n\n\n<figure class=\"wp-block-pullquote\"><blockquote><p>Aber Vorsicht: Wer einmal beim Meininger 24-Stunden-Schwimmen war, der will und wird wiederkommen. Darauf freuen wir uns und sind sehr dankbar daf\u00fcr \ud83d\ude42<\/p><\/blockquote><\/figure>\n\n\n\n<figure class=\"wp-block-image size-large\"><img loading=\"lazy\" decoding=\"async\" width=\"709\" height=\"474\" src=\"https:\/\/24-stunden-schwimmen.de\/wp-content\/uploads\/2021\/06\/24h_mgn_2009.jpg\" alt=\"\" class=\"wp-image-350\" srcset=\"https:\/\/24-stunden-schwimmen.de\/wp-content\/uploads\/2021\/06\/24h_mgn_2009.jpg 709w, https:\/\/24-stunden-schwimmen.de\/wp-content\/uploads\/2021\/06\/24h_mgn_2009-300x201.jpg 300w\" sizes=\"auto, (max-width: 709px) 100vw, 709px\" \/><figcaption>Dieses Bild entstand 2009 in Meiningen und wird noch heute vom DSV zur Promotion aller Deutschen 24-Stunden-Schwimmen genutzt.<\/figcaption><\/figure>\n\n\n\n<p><\/p>\n<\/div>\n<\/div>\n\n\n\n<p><\/p>\n","protected":false},"excerpt":{"rendered":"<p>Beste Werbung f\u00fcrs SchwimmenDas Meininger 24-Stunden-Schwimmen f\u00fcr Jedermann Es ist die besondere Mischung aus Breiten- und Extremsport, aus Wettkampf und Spa\u00df, die das Meininger 24-Stunden-Schwimmen weit \u00fcber die Stadt-, Kreis- und Landesgrenze bekannt und beliebt gemacht hat. Egal ob 50 &hellip; <a href=\"https:\/\/24-stunden-schwimmen.de\/?page_id=217\">Weiter<\/a><\/p>\n","protected":false},"author":3,"featured_media":0,"parent":0,"menu_order":7,"comment_status":"closed","ping_status":"closed","template":"","meta":{"_eb_attr":"","kt_blocks_editor_width":"","footnotes":""},"class_list":["post-217","page","type-page","status-publish","hentry"],"yoast_head":"<!-- This site is optimized with the Yoast SEO plugin v27.6 - https:\/\/yoast.com\/product\/yoast-seo-wordpress\/ -->\n<title>\u00dcber uns - Das Meininger 24-Stunden-Schwimmen<\/title>\n<meta name=\"robots\" content=\"index, follow, max-snippet:-1, max-image-preview:large, max-video-preview:-1\" \/>\n<link rel=\"canonical\" href=\"https:\/\/24-stunden-schwimmen.de\/?page_id=217\" \/>\n<meta property=\"og:locale\" content=\"de_DE\" \/>\n<meta property=\"og:type\" content=\"article\" \/>\n<meta property=\"og:title\" content=\"\u00dcber uns - Das Meininger 24-Stunden-Schwimmen\" \/>\n<meta property=\"og:description\" content=\"Beste Werbung f\u00fcrs SchwimmenDas Meininger 24-Stunden-Schwimmen f\u00fcr Jedermann Es ist die besondere Mischung aus Breiten- und Extremsport, aus Wettkampf und Spa\u00df, die das Meininger 24-Stunden-Schwimmen weit \u00fcber die Stadt-, Kreis- und Landesgrenze bekannt und beliebt gemacht hat. Egal ob 50 &hellip; Weiter\" \/>\n<meta property=\"og:url\" content=\"https:\/\/24-stunden-schwimmen.de\/?page_id=217\" \/>\n<meta property=\"og:site_name\" content=\"Das Meininger 24-Stunden-Schwimmen\" \/>\n<meta property=\"article:publisher\" content=\"https:\/\/www.facebook.com\/Meininger24StundenSchwimmen\" \/>\n<meta property=\"article:modified_time\" content=\"2022-03-16T16:01:57+00:00\" \/>\n<meta property=\"og:image\" content=\"https:\/\/24-stunden-schwimmen.de\/wp-content\/uploads\/2021\/05\/24h_org-768x1024.jpg\" \/>\n<meta name=\"twitter:card\" content=\"summary_large_image\" \/>\n<meta name=\"twitter:label1\" content=\"Gesch\u00e4tzte Lesezeit\" \/>\n\t<meta name=\"twitter:data1\" content=\"2\u00a0Minuten\" \/>\n<script type=\"application\/ld+json\" class=\"yoast-schema-graph\">{\"@context\":\"https:\\\/\\\/schema.org\",\"@graph\":[{\"@type\":\"WebPage\",\"@id\":\"https:\\\/\\\/24-stunden-schwimmen.de\\\/?page_id=217\",\"url\":\"https:\\\/\\\/24-stunden-schwimmen.de\\\/?page_id=217\",\"name\":\"\u00dcber uns - Das Meininger 24-Stunden-Schwimmen\",\"isPartOf\":{\"@id\":\"https:\\\/\\\/24-stunden-schwimmen.de\\\/#website\"},\"primaryImageOfPage\":{\"@id\":\"https:\\\/\\\/24-stunden-schwimmen.de\\\/?page_id=217#primaryimage\"},\"image\":{\"@id\":\"https:\\\/\\\/24-stunden-schwimmen.de\\\/?page_id=217#primaryimage\"},\"thumbnailUrl\":\"https:\\\/\\\/24-stunden-schwimmen.de\\\/wp-content\\\/uploads\\\/2021\\\/05\\\/24h_org-768x1024.jpg\",\"datePublished\":\"2021-05-29T18:58:27+00:00\",\"dateModified\":\"2022-03-16T16:01:57+00:00\",\"breadcrumb\":{\"@id\":\"https:\\\/\\\/24-stunden-schwimmen.de\\\/?page_id=217#breadcrumb\"},\"inLanguage\":\"de\",\"potentialAction\":[{\"@type\":\"ReadAction\",\"target\":[\"https:\\\/\\\/24-stunden-schwimmen.de\\\/?page_id=217\"]}]},{\"@type\":\"ImageObject\",\"inLanguage\":\"de\",\"@id\":\"https:\\\/\\\/24-stunden-schwimmen.de\\\/?page_id=217#primaryimage\",\"url\":\"https:\\\/\\\/24-stunden-schwimmen.de\\\/wp-content\\\/uploads\\\/2021\\\/05\\\/24h_org.jpg\",\"contentUrl\":\"https:\\\/\\\/24-stunden-schwimmen.de\\\/wp-content\\\/uploads\\\/2021\\\/05\\\/24h_org.jpg\",\"width\":1512,\"height\":2016},{\"@type\":\"BreadcrumbList\",\"@id\":\"https:\\\/\\\/24-stunden-schwimmen.de\\\/?page_id=217#breadcrumb\",\"itemListElement\":[{\"@type\":\"ListItem\",\"position\":1,\"name\":\"Startseite\",\"item\":\"https:\\\/\\\/24-stunden-schwimmen.de\\\/\"},{\"@type\":\"ListItem\",\"position\":2,\"name\":\"\u00dcber uns\"}]},{\"@type\":\"WebSite\",\"@id\":\"https:\\\/\\\/24-stunden-schwimmen.de\\\/#website\",\"url\":\"https:\\\/\\\/24-stunden-schwimmen.de\\\/\",\"name\":\"Das Meininger 24-Stunden-Schwimmen\",\"description\":\"Der Schwimmklassiker in Meiningen (Th\u00fcringen)\",\"publisher\":{\"@id\":\"https:\\\/\\\/24-stunden-schwimmen.de\\\/#organization\"},\"potentialAction\":[{\"@type\":\"SearchAction\",\"target\":{\"@type\":\"EntryPoint\",\"urlTemplate\":\"https:\\\/\\\/24-stunden-schwimmen.de\\\/?s={search_term_string}\"},\"query-input\":{\"@type\":\"PropertyValueSpecification\",\"valueRequired\":true,\"valueName\":\"search_term_string\"}}],\"inLanguage\":\"de\"},{\"@type\":\"Organization\",\"@id\":\"https:\\\/\\\/24-stunden-schwimmen.de\\\/#organization\",\"name\":\"Meininger Schwimmverein \\\"Wasserfreunde\\\" e.V.\",\"url\":\"https:\\\/\\\/24-stunden-schwimmen.de\\\/\",\"logo\":{\"@type\":\"ImageObject\",\"inLanguage\":\"de\",\"@id\":\"https:\\\/\\\/24-stunden-schwimmen.de\\\/#\\\/schema\\\/logo\\\/image\\\/\",\"url\":\"https:\\\/\\\/24-stunden-schwimmen.de\\\/wp-content\\\/uploads\\\/2023\\\/06\\\/24h-Logo.webp\",\"contentUrl\":\"https:\\\/\\\/24-stunden-schwimmen.de\\\/wp-content\\\/uploads\\\/2023\\\/06\\\/24h-Logo.webp\",\"width\":320,\"height\":330,\"caption\":\"Meininger Schwimmverein \\\"Wasserfreunde\\\" e.V.\"},\"image\":{\"@id\":\"https:\\\/\\\/24-stunden-schwimmen.de\\\/#\\\/schema\\\/logo\\\/image\\\/\"},\"sameAs\":[\"https:\\\/\\\/www.facebook.com\\\/Meininger24StundenSchwimmen\",\"https:\\\/\\\/www.instagram.com\\\/svwasserfreunde\\\/\",\"https:\\\/\\\/www.youtube.com\\\/channel\\\/UC6X4rRlZrgOI3k-11MJbr6A\\\/featured\"]}]}<\/script>\n<!-- \/ Yoast SEO plugin. -->","yoast_head_json":{"title":"\u00dcber uns - Das Meininger 24-Stunden-Schwimmen","robots":{"index":"index","follow":"follow","max-snippet":"max-snippet:-1","max-image-preview":"max-image-preview:large","max-video-preview":"max-video-preview:-1"},"canonical":"https:\/\/24-stunden-schwimmen.de\/?page_id=217","og_locale":"de_DE","og_type":"article","og_title":"\u00dcber uns - Das Meininger 24-Stunden-Schwimmen","og_description":"Beste Werbung f\u00fcrs SchwimmenDas Meininger 24-Stunden-Schwimmen f\u00fcr Jedermann Es ist die besondere Mischung aus Breiten- und Extremsport, aus Wettkampf und Spa\u00df, die das Meininger 24-Stunden-Schwimmen weit \u00fcber die Stadt-, Kreis- und Landesgrenze bekannt und beliebt gemacht hat. Egal ob 50 &hellip; Weiter","og_url":"https:\/\/24-stunden-schwimmen.de\/?page_id=217","og_site_name":"Das Meininger 24-Stunden-Schwimmen","article_publisher":"https:\/\/www.facebook.com\/Meininger24StundenSchwimmen","article_modified_time":"2022-03-16T16:01:57+00:00","og_image":[{"url":"https:\/\/24-stunden-schwimmen.de\/wp-content\/uploads\/2021\/05\/24h_org-768x1024.jpg","type":"","width":"","height":""}],"twitter_card":"summary_large_image","twitter_misc":{"Gesch\u00e4tzte Lesezeit":"2\u00a0Minuten"},"schema":{"@context":"https:\/\/schema.org","@graph":[{"@type":"WebPage","@id":"https:\/\/24-stunden-schwimmen.de\/?page_id=217","url":"https:\/\/24-stunden-schwimmen.de\/?page_id=217","name":"\u00dcber uns - Das Meininger 24-Stunden-Schwimmen","isPartOf":{"@id":"https:\/\/24-stunden-schwimmen.de\/#website"},"primaryImageOfPage":{"@id":"https:\/\/24-stunden-schwimmen.de\/?page_id=217#primaryimage"},"image":{"@id":"https:\/\/24-stunden-schwimmen.de\/?page_id=217#primaryimage"},"thumbnailUrl":"https:\/\/24-stunden-schwimmen.de\/wp-content\/uploads\/2021\/05\/24h_org-768x1024.jpg","datePublished":"2021-05-29T18:58:27+00:00","dateModified":"2022-03-16T16:01:57+00:00","breadcrumb":{"@id":"https:\/\/24-stunden-schwimmen.de\/?page_id=217#breadcrumb"},"inLanguage":"de","potentialAction":[{"@type":"ReadAction","target":["https:\/\/24-stunden-schwimmen.de\/?page_id=217"]}]},{"@type":"ImageObject","inLanguage":"de","@id":"https:\/\/24-stunden-schwimmen.de\/?page_id=217#primaryimage","url":"https:\/\/24-stunden-schwimmen.de\/wp-content\/uploads\/2021\/05\/24h_org.jpg","contentUrl":"https:\/\/24-stunden-schwimmen.de\/wp-content\/uploads\/2021\/05\/24h_org.jpg","width":1512,"height":2016},{"@type":"BreadcrumbList","@id":"https:\/\/24-stunden-schwimmen.de\/?page_id=217#breadcrumb","itemListElement":[{"@type":"ListItem","position":1,"name":"Startseite","item":"https:\/\/24-stunden-schwimmen.de\/"},{"@type":"ListItem","position":2,"name":"\u00dcber uns"}]},{"@type":"WebSite","@id":"https:\/\/24-stunden-schwimmen.de\/#website","url":"https:\/\/24-stunden-schwimmen.de\/","name":"Das Meininger 24-Stunden-Schwimmen","description":"Der Schwimmklassiker in Meiningen (Th\u00fcringen)","publisher":{"@id":"https:\/\/24-stunden-schwimmen.de\/#organization"},"potentialAction":[{"@type":"SearchAction","target":{"@type":"EntryPoint","urlTemplate":"https:\/\/24-stunden-schwimmen.de\/?s={search_term_string}"},"query-input":{"@type":"PropertyValueSpecification","valueRequired":true,"valueName":"search_term_string"}}],"inLanguage":"de"},{"@type":"Organization","@id":"https:\/\/24-stunden-schwimmen.de\/#organization","name":"Meininger Schwimmverein \"Wasserfreunde\" e.V.","url":"https:\/\/24-stunden-schwimmen.de\/","logo":{"@type":"ImageObject","inLanguage":"de","@id":"https:\/\/24-stunden-schwimmen.de\/#\/schema\/logo\/image\/","url":"https:\/\/24-stunden-schwimmen.de\/wp-content\/uploads\/2023\/06\/24h-Logo.webp","contentUrl":"https:\/\/24-stunden-schwimmen.de\/wp-content\/uploads\/2023\/06\/24h-Logo.webp","width":320,"height":330,"caption":"Meininger Schwimmverein \"Wasserfreunde\" e.V."},"image":{"@id":"https:\/\/24-stunden-schwimmen.de\/#\/schema\/logo\/image\/"},"sameAs":["https:\/\/www.facebook.com\/Meininger24StundenSchwimmen","https:\/\/www.instagram.com\/svwasserfreunde\/","https:\/\/www.youtube.com\/channel\/UC6X4rRlZrgOI3k-11MJbr6A\/featured"]}]}},"_links":{"self":[{"href":"https:\/\/24-stunden-schwimmen.de\/index.php?rest_route=\/wp\/v2\/pages\/217","targetHints":{"allow":["GET"]}}],"collection":[{"href":"https:\/\/24-stunden-schwimmen.de\/index.php?rest_route=\/wp\/v2\/pages"}],"about":[{"href":"https:\/\/24-stunden-schwimmen.de\/index.php?rest_route=\/wp\/v2\/types\/page"}],"author":[{"embeddable":true,"href":"https:\/\/24-stunden-schwimmen.de\/index.php?rest_route=\/wp\/v2\/users\/3"}],"replies":[{"embeddable":true,"href":"https:\/\/24-stunden-schwimmen.de\/index.php?rest_route=%2Fwp%2Fv2%2Fcomments&post=217"}],"version-history":[{"count":10,"href":"https:\/\/24-stunden-schwimmen.de\/index.php?rest_route=\/wp\/v2\/pages\/217\/revisions"}],"predecessor-version":[{"id":459,"href":"https:\/\/24-stunden-schwimmen.de\/index.php?rest_route=\/wp\/v2\/pages\/217\/revisions\/459"}],"wp:attachment":[{"href":"https:\/\/24-stunden-schwimmen.de\/index.php?rest_route=%2Fwp%2Fv2%2Fmedia&parent=217"}],"curies":[{"name":"wp","href":"https:\/\/api.w.org\/{rel}","templated":true}]}}