{"id":214,"date":"2021-05-29T20:57:36","date_gmt":"2021-05-29T18:57:36","guid":{"rendered":"http:\/\/2020.24-stunden-schwimmen.de\/?page_id=214"},"modified":"2021-05-30T12:22:55","modified_gmt":"2021-05-30T10:22:55","slug":"kontakt","status":"publish","type":"page","link":"https:\/\/24-stunden-schwimmen.de\/?page_id=214","title":{"rendered":"Kontakt"},"content":{"rendered":"\n<div class=\"wp-block-columns is-layout-flex wp-container-core-columns-is-layout-1 wp-block-columns-is-layout-flex\">\n<div class=\"wp-block-column is-layout-flow wp-block-column-is-layout-flow\" style=\"flex-basis:33.33%\">\n<figure class=\"wp-block-image size-large\"><img loading=\"lazy\" decoding=\"async\" width=\"537\" height=\"1024\" src=\"http:\/\/2020.24-stunden-schwimmen.de\/wp-content\/uploads\/2021\/05\/24h_kontakt-537x1024.jpg\" alt=\"\" class=\"wp-image-273\" srcset=\"https:\/\/24-stunden-schwimmen.de\/wp-content\/uploads\/2021\/05\/24h_kontakt-537x1024.jpg 537w, https:\/\/24-stunden-schwimmen.de\/wp-content\/uploads\/2021\/05\/24h_kontakt-157x300.jpg 157w, https:\/\/24-stunden-schwimmen.de\/wp-content\/uploads\/2021\/05\/24h_kontakt.jpg 709w\" sizes=\"auto, (max-width: 537px) 100vw, 537px\" \/><\/figure>\n<\/div>\n\n\n\n<div class=\"wp-block-column is-layout-flow wp-block-column-is-layout-flow\" style=\"flex-basis:66.66%\">\n<p style=\"font-size:17px\">Wir danken Ihnen f\u00fcr das Interesse an unserer Veranstaltung und freuen uns, dass Sie mit uns Kontakt aufnehmen m\u00f6chten.<\/p>\n\n\n\n<p style=\"font-size:17px\">Im modernen Medienzeitalter k\u00f6nnen wir Ihnen eine Vielzahl von M\u00f6glichkeiten zur Kontaktaufnahme anbieten: per Telefon oder Handy, per Fax oder per eMail.<\/p>\n\n\n\n<p style=\"font-size:17px\"><strong>Auf dem Postweg<\/strong>&nbsp;erreichen Sie uns unter der Adresse:<\/p>\n\n\n\n<p style=\"font-size:17px\">Meininger Schwimmverein<br>&#8222;Wasserfreunde&#8220; e.V.<br>Rohrer Stirn 2,<br>98617 Meiningen<\/p>\n\n\n\n<p style=\"font-size:17px\"><strong>Und nun haben Sie die Wahl:<br><br>Unsere Hotline&nbsp;<\/strong>ist 24 Stunden f\u00fcr Sie besetzt:<br><strong>+49 (3693) 470253<br><\/strong>&#8230; und wenn mal keiner h\u00f6rt, geht der Anrufbeantworter ran \ud83d\ude42<\/p>\n\n\n\n<p style=\"font-size:17px\">Den Leiter der AG 24-Stunden-Schwimmen,<br><strong>Herrn Michael Brenz,<br><\/strong>erreichen Sie unter<br><strong>0171\/9341897<br><\/strong><br>Schicken Sie uns ein<strong>&nbsp;Fax<\/strong>&nbsp;an folgende Nummern:<br><strong>+49 (3693) 509723<\/strong>&nbsp;oder +49 (36846) 40529<\/p>\n\n\n\n<p style=\"font-size:17px\">M\u00f6chten Sie uns<strong>\u00a0per eMail<\/strong><br>kontaktieren, wenden Sie sich an:<br><a href=\"mailto:brenz@svwasserfreunde.de\" target=\"_blank\" rel=\"noreferrer noopener\">brenz@svwasserfreunde.de<\/a><\/p>\n\n\n\n<p style=\"font-size:17px\">unser B\u00fcro ist per eMail zu erreichen unter:<br><a href=\"mailto:info@svwasserfreunde.de\" target=\"_blank\" rel=\"noreferrer noopener\">info@svwasserfreunde.de<\/a><\/p>\n\n\n\n<p style=\"font-size:17px\">oder nutzen Sie einfach das folgende&nbsp;<strong>ONLINE-Kontakt-Formular<\/strong><\/p>\n\n\n<style>.kb-form input.kadence-blocks-field.verify{opacity:0.0;position:absolute;top:0.0;left:0.0;width:0.0;height:0.0;z-index:-1;}<\/style>\n<div class=\"wp-block-kadence-form kadence-form-_c7c3ff-78 kb-form-wrap\"><form class=\"kb-form\" action=\"\" method=\"post\" data-error-message=\"Es ist ein Fehler aufgetreten.\"><div class=\"kadence-blocks-form-field kb-field-desk-width-100 kb-input-size-standard\"><label for=\"kb_field__c7c3ff-78_0\">Vorname Name<span class=\"required\">*<\/span><\/label><input name=\"kb_field_0\" id=\"kb_field__c7c3ff-78_0\" data-label=\"Vorname Name\" type=\"text\" placeholder=\"\" value=\"\" data-type=\"text\" class=\"kb-field kb-text-style-field kb-text-field kb-field-0\" data-required=\"yes\"\/><\/div><div class=\"kadence-blocks-form-field kb-form-field-1 kb-field-desk-width-100 kb-input-size-standard\"><label for=\"kb_field__c7c3ff-78_1\">Ihre Mailadresse<span class=\"required\">*<\/span><\/label><input name=\"kb_field_1\" id=\"kb_field__c7c3ff-78_1\" data-label=\"Ihre Mailadresse\" type=\"email\" placeholder=\"\" value=\"\" data-type=\"email\" class=\"kb-field kb-text-style-field kb-email-field kb-field-1\" data-required=\"yes\"\/><\/div><div class=\"kadence-blocks-form-field kb-form-field-2 kb-field-desk-width-100 kb-input-size-standard\"><label for=\"kb_field__c7c3ff-78_2\">Nachricht<span class=\"required\">*<\/span><\/label><textarea name=\"kb_field_2\" id=\"kb_field__c7c3ff-78_2\" data-label=\"Nachricht\" type=\"textarea\" placeholder=\"\" data-type=\"textarea\" class=\"kb-field kb-text-style-field kb-textarea-field kb-field-2\" rows=\"4\" data-required=\"yes\"><\/textarea><\/div><input type=\"hidden\" name=\"_kb_form_id\" value=\"_c7c3ff-78\"\/><input type=\"hidden\" name=\"_kb_form_post_id\" value=\"214\"\/><input type=\"hidden\" name=\"action\" value=\"kb_process_ajax_submit\"\/><label class=\"kadence-verify-label\">Email<input class=\"kadence-blocks-field verify\" type=\"text\" name=\"_kb_verify_email\" autocomplete=\"new-password\" aria-hidden=\"true\" placeholder=\"Email\" tabindex=\"-1\" data-1p-ignore=\"true\" data-lpignore=\"true\" \/><\/label><div class=\"kadence-blocks-form-field kb-submit-field kb-field-desk-width-100\"><button class=\"kb-forms-submit button kb-button-size-standard kb-button-width-auto\">Senden<\/button><\/div><\/form><\/div>\n<noscript><div class=\"kadence-blocks-form-message kadence-blocks-form-warning\">Bitte aktiviere JavaScript in deinem Browser, um dieses Formular fertigzustellen.<\/div><style>.kadence-form-_c7c3ff-78 .kadence-blocks-form-field.kb-submit-field { display: none; }<\/style><\/noscript><\/div>\n<\/div>\n","protected":false},"excerpt":{"rendered":"<p>Wir danken Ihnen f\u00fcr das Interesse an unserer Veranstaltung und freuen uns, dass Sie mit uns Kontakt aufnehmen m\u00f6chten. Im modernen Medienzeitalter k\u00f6nnen wir Ihnen eine Vielzahl von M\u00f6glichkeiten zur Kontaktaufnahme anbieten: per Telefon oder Handy, per Fax oder per &hellip; <a href=\"https:\/\/24-stunden-schwimmen.de\/?page_id=214\">Weiter<\/a><\/p>\n","protected":false},"author":3,"featured_media":0,"parent":0,"menu_order":5,"comment_status":"closed","ping_status":"closed","template":"","meta":{"_eb_attr":"","kt_blocks_editor_width":"","footnotes":""},"class_list":["post-214","page","type-page","status-publish","hentry"],"yoast_head":"<!-- This site is optimized with the Yoast SEO plugin v26.8 - https:\/\/yoast.com\/product\/yoast-seo-wordpress\/ -->\n<title>Kontakt - Das Meininger 24-Stunden-Schwimmen<\/title>\n<meta name=\"robots\" content=\"index, follow, max-snippet:-1, max-image-preview:large, max-video-preview:-1\" \/>\n<link rel=\"canonical\" href=\"https:\/\/24-stunden-schwimmen.de\/?page_id=214\" \/>\n<meta property=\"og:locale\" content=\"de_DE\" \/>\n<meta property=\"og:type\" content=\"article\" \/>\n<meta property=\"og:title\" content=\"Kontakt - Das Meininger 24-Stunden-Schwimmen\" \/>\n<meta property=\"og:description\" content=\"Wir danken Ihnen f\u00fcr das Interesse an unserer Veranstaltung und freuen uns, dass Sie mit uns Kontakt aufnehmen m\u00f6chten. Im modernen Medienzeitalter k\u00f6nnen wir Ihnen eine Vielzahl von M\u00f6glichkeiten zur Kontaktaufnahme anbieten: per Telefon oder Handy, per Fax oder per &hellip; Weiter\" \/>\n<meta property=\"og:url\" content=\"https:\/\/24-stunden-schwimmen.de\/?page_id=214\" \/>\n<meta property=\"og:site_name\" content=\"Das Meininger 24-Stunden-Schwimmen\" \/>\n<meta property=\"article:publisher\" content=\"https:\/\/www.facebook.com\/Meininger24StundenSchwimmen\" \/>\n<meta property=\"article:modified_time\" content=\"2021-05-30T10:22:55+00:00\" \/>\n<meta property=\"og:image\" content=\"http:\/\/2020.24-stunden-schwimmen.de\/wp-content\/uploads\/2021\/05\/24h_kontakt-537x1024.jpg\" \/>\n<meta name=\"twitter:card\" content=\"summary_large_image\" \/>\n<meta name=\"twitter:label1\" content=\"Gesch\u00e4tzte Lesezeit\" \/>\n\t<meta name=\"twitter:data1\" content=\"1\u00a0Minute\" \/>\n<script type=\"application\/ld+json\" class=\"yoast-schema-graph\">{\"@context\":\"https:\/\/schema.org\",\"@graph\":[{\"@type\":\"WebPage\",\"@id\":\"https:\/\/24-stunden-schwimmen.de\/?page_id=214\",\"url\":\"https:\/\/24-stunden-schwimmen.de\/?page_id=214\",\"name\":\"Kontakt - Das Meininger 24-Stunden-Schwimmen\",\"isPartOf\":{\"@id\":\"https:\/\/24-stunden-schwimmen.de\/#website\"},\"primaryImageOfPage\":{\"@id\":\"https:\/\/24-stunden-schwimmen.de\/?page_id=214#primaryimage\"},\"image\":{\"@id\":\"https:\/\/24-stunden-schwimmen.de\/?page_id=214#primaryimage\"},\"thumbnailUrl\":\"http:\/\/2020.24-stunden-schwimmen.de\/wp-content\/uploads\/2021\/05\/24h_kontakt-537x1024.jpg\",\"datePublished\":\"2021-05-29T18:57:36+00:00\",\"dateModified\":\"2021-05-30T10:22:55+00:00\",\"breadcrumb\":{\"@id\":\"https:\/\/24-stunden-schwimmen.de\/?page_id=214#breadcrumb\"},\"inLanguage\":\"de\",\"potentialAction\":[{\"@type\":\"ReadAction\",\"target\":[\"https:\/\/24-stunden-schwimmen.de\/?page_id=214\"]}]},{\"@type\":\"ImageObject\",\"inLanguage\":\"de\",\"@id\":\"https:\/\/24-stunden-schwimmen.de\/?page_id=214#primaryimage\",\"url\":\"http:\/\/2020.24-stunden-schwimmen.de\/wp-content\/uploads\/2021\/05\/24h_kontakt-537x1024.jpg\",\"contentUrl\":\"http:\/\/2020.24-stunden-schwimmen.de\/wp-content\/uploads\/2021\/05\/24h_kontakt-537x1024.jpg\"},{\"@type\":\"BreadcrumbList\",\"@id\":\"https:\/\/24-stunden-schwimmen.de\/?page_id=214#breadcrumb\",\"itemListElement\":[{\"@type\":\"ListItem\",\"position\":1,\"name\":\"Startseite\",\"item\":\"https:\/\/24-stunden-schwimmen.de\/\"},{\"@type\":\"ListItem\",\"position\":2,\"name\":\"Kontakt\"}]},{\"@type\":\"WebSite\",\"@id\":\"https:\/\/24-stunden-schwimmen.de\/#website\",\"url\":\"https:\/\/24-stunden-schwimmen.de\/\",\"name\":\"Das Meininger 24-Stunden-Schwimmen\",\"description\":\"Der Schwimmklassiker in Meiningen (Th\u00fcringen)\",\"potentialAction\":[{\"@type\":\"SearchAction\",\"target\":{\"@type\":\"EntryPoint\",\"urlTemplate\":\"https:\/\/24-stunden-schwimmen.de\/?s={search_term_string}\"},\"query-input\":{\"@type\":\"PropertyValueSpecification\",\"valueRequired\":true,\"valueName\":\"search_term_string\"}}],\"inLanguage\":\"de\"}]}<\/script>\n<!-- \/ Yoast SEO plugin. -->","yoast_head_json":{"title":"Kontakt - Das Meininger 24-Stunden-Schwimmen","robots":{"index":"index","follow":"follow","max-snippet":"max-snippet:-1","max-image-preview":"max-image-preview:large","max-video-preview":"max-video-preview:-1"},"canonical":"https:\/\/24-stunden-schwimmen.de\/?page_id=214","og_locale":"de_DE","og_type":"article","og_title":"Kontakt - Das Meininger 24-Stunden-Schwimmen","og_description":"Wir danken Ihnen f\u00fcr das Interesse an unserer Veranstaltung und freuen uns, dass Sie mit uns Kontakt aufnehmen m\u00f6chten. Im modernen Medienzeitalter k\u00f6nnen wir Ihnen eine Vielzahl von M\u00f6glichkeiten zur Kontaktaufnahme anbieten: per Telefon oder Handy, per Fax oder per &hellip; Weiter","og_url":"https:\/\/24-stunden-schwimmen.de\/?page_id=214","og_site_name":"Das Meininger 24-Stunden-Schwimmen","article_publisher":"https:\/\/www.facebook.com\/Meininger24StundenSchwimmen","article_modified_time":"2021-05-30T10:22:55+00:00","og_image":[{"url":"http:\/\/2020.24-stunden-schwimmen.de\/wp-content\/uploads\/2021\/05\/24h_kontakt-537x1024.jpg","type":"","width":"","height":""}],"twitter_card":"summary_large_image","twitter_misc":{"Gesch\u00e4tzte Lesezeit":"1\u00a0Minute"},"schema":{"@context":"https:\/\/schema.org","@graph":[{"@type":"WebPage","@id":"https:\/\/24-stunden-schwimmen.de\/?page_id=214","url":"https:\/\/24-stunden-schwimmen.de\/?page_id=214","name":"Kontakt - Das Meininger 24-Stunden-Schwimmen","isPartOf":{"@id":"https:\/\/24-stunden-schwimmen.de\/#website"},"primaryImageOfPage":{"@id":"https:\/\/24-stunden-schwimmen.de\/?page_id=214#primaryimage"},"image":{"@id":"https:\/\/24-stunden-schwimmen.de\/?page_id=214#primaryimage"},"thumbnailUrl":"http:\/\/2020.24-stunden-schwimmen.de\/wp-content\/uploads\/2021\/05\/24h_kontakt-537x1024.jpg","datePublished":"2021-05-29T18:57:36+00:00","dateModified":"2021-05-30T10:22:55+00:00","breadcrumb":{"@id":"https:\/\/24-stunden-schwimmen.de\/?page_id=214#breadcrumb"},"inLanguage":"de","potentialAction":[{"@type":"ReadAction","target":["https:\/\/24-stunden-schwimmen.de\/?page_id=214"]}]},{"@type":"ImageObject","inLanguage":"de","@id":"https:\/\/24-stunden-schwimmen.de\/?page_id=214#primaryimage","url":"http:\/\/2020.24-stunden-schwimmen.de\/wp-content\/uploads\/2021\/05\/24h_kontakt-537x1024.jpg","contentUrl":"http:\/\/2020.24-stunden-schwimmen.de\/wp-content\/uploads\/2021\/05\/24h_kontakt-537x1024.jpg"},{"@type":"BreadcrumbList","@id":"https:\/\/24-stunden-schwimmen.de\/?page_id=214#breadcrumb","itemListElement":[{"@type":"ListItem","position":1,"name":"Startseite","item":"https:\/\/24-stunden-schwimmen.de\/"},{"@type":"ListItem","position":2,"name":"Kontakt"}]},{"@type":"WebSite","@id":"https:\/\/24-stunden-schwimmen.de\/#website","url":"https:\/\/24-stunden-schwimmen.de\/","name":"Das Meininger 24-Stunden-Schwimmen","description":"Der Schwimmklassiker in Meiningen (Th\u00fcringen)","potentialAction":[{"@type":"SearchAction","target":{"@type":"EntryPoint","urlTemplate":"https:\/\/24-stunden-schwimmen.de\/?s={search_term_string}"},"query-input":{"@type":"PropertyValueSpecification","valueRequired":true,"valueName":"search_term_string"}}],"inLanguage":"de"}]}},"_links":{"self":[{"href":"https:\/\/24-stunden-schwimmen.de\/index.php?rest_route=\/wp\/v2\/pages\/214","targetHints":{"allow":["GET"]}}],"collection":[{"href":"https:\/\/24-stunden-schwimmen.de\/index.php?rest_route=\/wp\/v2\/pages"}],"about":[{"href":"https:\/\/24-stunden-schwimmen.de\/index.php?rest_route=\/wp\/v2\/types\/page"}],"author":[{"embeddable":true,"href":"https:\/\/24-stunden-schwimmen.de\/index.php?rest_route=\/wp\/v2\/users\/3"}],"replies":[{"embeddable":true,"href":"https:\/\/24-stunden-schwimmen.de\/index.php?rest_route=%2Fwp%2Fv2%2Fcomments&post=214"}],"version-history":[{"count":8,"href":"https:\/\/24-stunden-schwimmen.de\/index.php?rest_route=\/wp\/v2\/pages\/214\/revisions"}],"predecessor-version":[{"id":310,"href":"https:\/\/24-stunden-schwimmen.de\/index.php?rest_route=\/wp\/v2\/pages\/214\/revisions\/310"}],"wp:attachment":[{"href":"https:\/\/24-stunden-schwimmen.de\/index.php?rest_route=%2Fwp%2Fv2%2Fmedia&parent=214"}],"curies":[{"name":"wp","href":"https:\/\/api.w.org\/{rel}","templated":true}]}}