{"id":211,"date":"2021-05-29T20:57:13","date_gmt":"2021-05-29T18:57:13","guid":{"rendered":"http:\/\/2020.24-stunden-schwimmen.de\/?page_id=211"},"modified":"2021-05-30T22:03:57","modified_gmt":"2021-05-30T20:03:57","slug":"links","status":"publish","type":"page","link":"https:\/\/24-stunden-schwimmen.de\/?page_id=211","title":{"rendered":"Links"},"content":{"rendered":"\n<div class=\"wp-block-columns is-layout-flex wp-container-core-columns-is-layout-9d6595d7 wp-block-columns-is-layout-flex\">\n<div class=\"wp-block-column is-layout-flow wp-block-column-is-layout-flow\" style=\"flex-basis:33.33%\">\n<figure class=\"wp-block-image size-large\"><img loading=\"lazy\" decoding=\"async\" width=\"1024\" height=\"542\" src=\"https:\/\/24-stunden-schwimmen.de\/wp-content\/uploads\/2021\/05\/2020_SVWF_Logo_HaiNo_hoch_RGB-1-1024x542.jpg\" alt=\"\" class=\"wp-image-329\" srcset=\"https:\/\/24-stunden-schwimmen.de\/wp-content\/uploads\/2021\/05\/2020_SVWF_Logo_HaiNo_hoch_RGB-1-1024x542.jpg 1024w, https:\/\/24-stunden-schwimmen.de\/wp-content\/uploads\/2021\/05\/2020_SVWF_Logo_HaiNo_hoch_RGB-1-300x159.jpg 300w, https:\/\/24-stunden-schwimmen.de\/wp-content\/uploads\/2021\/05\/2020_SVWF_Logo_HaiNo_hoch_RGB-1-768x407.jpg 768w, https:\/\/24-stunden-schwimmen.de\/wp-content\/uploads\/2021\/05\/2020_SVWF_Logo_HaiNo_hoch_RGB-1.jpg 1108w\" sizes=\"auto, (max-width: 1024px) 100vw, 1024px\" \/><\/figure>\n<\/div>\n\n\n\n<div class=\"wp-block-column is-layout-flow wp-block-column-is-layout-flow\" style=\"flex-basis:66.66%\">\n<h2 class=\"wp-block-heading\">MEININGER &#8222;SCHWIMMVEREIN&#8220;  WASSERFREUNDE e.V.<\/h2>\n\n\n\n<p style=\"font-size:17px\">Der Meininger Schwimmverein &#8222;Wasserfreunde&#8220; e.V. organisiert gemeinsam mit dem B\u00e4derteam der Meininger Stadtwerke GmbH, seit der Wiederauflage im Jahr 2007, das Meininger 24-Stunden-Schwimmen. Mehr Informationen \u00fcber diesen S\u00fcdth\u00fcringer Schwimmverein findet ihr unter&nbsp;<a href=\"http:\/\/www.svwasserfreunde.de\/\" target=\"_blank\" rel=\"noreferrer noopener\">www.svwasserfreunde.de<\/a><\/p>\n<\/div>\n<\/div>\n\n\n\n<div class=\"wp-block-columns is-layout-flex wp-container-core-columns-is-layout-9d6595d7 wp-block-columns-is-layout-flex\">\n<div class=\"wp-block-column is-layout-flow wp-block-column-is-layout-flow\" style=\"flex-basis:33.33%\">\n<figure class=\"wp-block-image size-large\"><img loading=\"lazy\" decoding=\"async\" width=\"300\" height=\"300\" src=\"https:\/\/24-stunden-schwimmen.de\/wp-content\/uploads\/2021\/05\/Stadtwerke_Meiningen-1.jpg\" alt=\"\" class=\"wp-image-330\" srcset=\"https:\/\/24-stunden-schwimmen.de\/wp-content\/uploads\/2021\/05\/Stadtwerke_Meiningen-1.jpg 300w, https:\/\/24-stunden-schwimmen.de\/wp-content\/uploads\/2021\/05\/Stadtwerke_Meiningen-1-150x150.jpg 150w\" sizes=\"auto, (max-width: 300px) 100vw, 300px\" \/><\/figure>\n<\/div>\n\n\n\n<div class=\"wp-block-column is-layout-flow wp-block-column-is-layout-flow\" style=\"flex-basis:66.66%\">\n<h2 class=\"wp-block-heading\">FREIZEITZENTRUM<br>&#8222;ROHRER STIRN&#8220;<\/h2>\n\n\n\n<p style=\"font-size:17px\">Die Stadtwerke Meiningen GmbH &#8211; und hier speziell das B\u00e4derteam der Stadtwerke &#8211; engagieren sich seit vielen Jahren bei der Vorbereitung und Durchf\u00fchrung des Meininger 24-Stunden-Schwimmens. Ein Besuch in einem der sch\u00f6nsten B\u00e4der Th\u00fcringens lohnt sich aber auch an allen anderen Tagen. Mehr Infos unter:&nbsp;<a href=\"http:\/\/www.stadtwerke-meiningen.de\/pages\/freizeitzentrum.php\" target=\"_blank\" rel=\"noreferrer noopener\">Freizeit &amp; B\u00e4der &#8211; Stadtwerke Meiningen (stadtwerke-meiningen.de)<\/a><\/p>\n<\/div>\n<\/div>\n\n\n\n<div class=\"wp-block-columns is-layout-flex wp-container-core-columns-is-layout-9d6595d7 wp-block-columns-is-layout-flex\">\n<div class=\"wp-block-column is-layout-flow wp-block-column-is-layout-flow\" style=\"flex-basis:33.33%\">\n<figure class=\"wp-block-image size-large\"><img loading=\"lazy\" decoding=\"async\" width=\"645\" height=\"355\" src=\"https:\/\/24-stunden-schwimmen.de\/wp-content\/uploads\/2021\/05\/2015_Meiningenman_rgb-1.jpg\" alt=\"\" class=\"wp-image-331\" srcset=\"https:\/\/24-stunden-schwimmen.de\/wp-content\/uploads\/2021\/05\/2015_Meiningenman_rgb-1.jpg 645w, https:\/\/24-stunden-schwimmen.de\/wp-content\/uploads\/2021\/05\/2015_Meiningenman_rgb-1-300x165.jpg 300w\" sizes=\"auto, (max-width: 645px) 100vw, 645px\" \/><\/figure>\n<\/div>\n\n\n\n<div class=\"wp-block-column is-layout-flow wp-block-column-is-layout-flow\" style=\"flex-basis:66.66%\">\n<h2 class=\"wp-block-heading\">MEININGMAN &#8211; MEININGWOMAN<\/h2>\n\n\n\n<p style=\"font-size:17px\">Seit dem Jahr 2014 gibt es in Meiningen die kre-aktivste Form des Triathlons. In einer Cup-Wertung \u00fcber drei Veranstaltungen &#8211; zu denen auch das Meininger 24-Stunden-Schwimmen geh\u00f6rt &#8211; werden die vielseitigsten Sportler\/innen gesucht. Mehr Informationen unter&nbsp;<a href=\"http:\/\/www.meiningman.de\/\" target=\"_blank\" rel=\"noreferrer noopener\">www.meiningman.de<\/a><\/p>\n<\/div>\n<\/div>\n\n\n\n<div class=\"wp-block-columns is-layout-flex wp-container-core-columns-is-layout-9d6595d7 wp-block-columns-is-layout-flex\">\n<div class=\"wp-block-column is-layout-flow wp-block-column-is-layout-flow\" style=\"flex-basis:33.33%\">\n<figure class=\"wp-block-image size-large\"><img loading=\"lazy\" decoding=\"async\" width=\"221\" height=\"300\" src=\"https:\/\/24-stunden-schwimmen.de\/wp-content\/uploads\/2021\/05\/24h_arena-1.png\" alt=\"\" class=\"wp-image-332\"\/><\/figure>\n<\/div>\n\n\n\n<div class=\"wp-block-column is-layout-flow wp-block-column-is-layout-flow\" style=\"flex-basis:66.66%\">\n<h2 class=\"wp-block-heading\">24-STUNDEN ARENA<\/h2>\n\n\n\n<p style=\"font-size:17px\">Gemeinsam haben der Deutsche Schwimmverband und die Firma arena ein einheitliches Konzept geschrieben, um die 24-Stunden-Schwimmen in Deutschland vergleichbarer zu machen und ein entsprechendes Ranking zu f\u00fchren. Mehr Informationen dazu gibt es unter&nbsp;<a href=\"http:\/\/www.dsv.de\/fitness-gesundheit\/bfg-sportarten\/24h-arena\/\" target=\"_blank\" rel=\"noreferrer noopener\">www.dsv.de\/fitness-gesundheit\/bfg-sportarten\/24h-arena\/<\/a><\/p>\n<\/div>\n<\/div>\n\n\n\n<div class=\"wp-block-columns is-layout-flex wp-container-core-columns-is-layout-9d6595d7 wp-block-columns-is-layout-flex\">\n<div class=\"wp-block-column is-layout-flow wp-block-column-is-layout-flow\" style=\"flex-basis:33.33%\">\n<figure class=\"wp-block-image size-large\"><img loading=\"lazy\" decoding=\"async\" width=\"591\" height=\"650\" src=\"https:\/\/24-stunden-schwimmen.de\/wp-content\/uploads\/2021\/05\/24h_melle-1.jpg\" alt=\"\" class=\"wp-image-333\" srcset=\"https:\/\/24-stunden-schwimmen.de\/wp-content\/uploads\/2021\/05\/24h_melle-1.jpg 591w, https:\/\/24-stunden-schwimmen.de\/wp-content\/uploads\/2021\/05\/24h_melle-1-273x300.jpg 273w\" sizes=\"auto, (max-width: 591px) 100vw, 591px\" \/><\/figure>\n<\/div>\n\n\n\n<div class=\"wp-block-column is-layout-flow wp-block-column-is-layout-flow\" style=\"flex-basis:66.66%\">\n<h2 class=\"wp-block-heading\">24-STUNDEN-SCHWIMMEN IN MELCHRICHSTADT<\/h2>\n\n\n\n<p style=\"font-size:17px\">Wer es im Winter nicht ohne 24-Stunden-Schwimmen aush\u00e4lt, kann seinem Hobby gerne bei unseren fr\u00e4nkischen Nachbarn in Mellrichstadt nachgehen. Keine halbe Autostunde von Meiningen entfernt findet dies dort meist um den Jahreswechsel statt, u.a. mit der elektronischen Bahnenz\u00e4hlung der Meininger. Mehr Infos unter:&nbsp;<a href=\"http:\/\/24-stunden-mellrichstadt.de\/\" target=\"_blank\" rel=\"noreferrer noopener\">http:\/\/24-stunden-mellrichstadt.de\/<\/a><\/p>\n<\/div>\n<\/div>\n","protected":false},"excerpt":{"rendered":"<p>MEININGER &#8222;SCHWIMMVEREIN&#8220; WASSERFREUNDE e.V. Der Meininger Schwimmverein &#8222;Wasserfreunde&#8220; e.V. organisiert gemeinsam mit dem B\u00e4derteam der Meininger Stadtwerke GmbH, seit der Wiederauflage im Jahr 2007, das Meininger 24-Stunden-Schwimmen. Mehr Informationen \u00fcber diesen S\u00fcdth\u00fcringer Schwimmverein findet ihr unter&nbsp;www.svwasserfreunde.de FREIZEITZENTRUM&#8222;ROHRER STIRN&#8220; Die Stadtwerke &hellip; <a href=\"https:\/\/24-stunden-schwimmen.de\/?page_id=211\">Weiter<\/a><\/p>\n","protected":false},"author":3,"featured_media":0,"parent":0,"menu_order":6,"comment_status":"closed","ping_status":"closed","template":"","meta":{"_eb_attr":"","kt_blocks_editor_width":"","footnotes":""},"class_list":["post-211","page","type-page","status-publish","hentry"],"yoast_head":"<!-- This site is optimized with the Yoast SEO plugin v27.4 - https:\/\/yoast.com\/product\/yoast-seo-wordpress\/ -->\n<title>Links - Das Meininger 24-Stunden-Schwimmen<\/title>\n<meta name=\"robots\" content=\"index, follow, max-snippet:-1, max-image-preview:large, max-video-preview:-1\" \/>\n<link rel=\"canonical\" href=\"https:\/\/24-stunden-schwimmen.de\/?page_id=211\" \/>\n<meta property=\"og:locale\" content=\"de_DE\" \/>\n<meta property=\"og:type\" content=\"article\" \/>\n<meta property=\"og:title\" content=\"Links - Das Meininger 24-Stunden-Schwimmen\" \/>\n<meta property=\"og:description\" content=\"MEININGER &#8222;SCHWIMMVEREIN&#8220; WASSERFREUNDE e.V. Der Meininger Schwimmverein &#8222;Wasserfreunde&#8220; e.V. organisiert gemeinsam mit dem B\u00e4derteam der Meininger Stadtwerke GmbH, seit der Wiederauflage im Jahr 2007, das Meininger 24-Stunden-Schwimmen. Mehr Informationen \u00fcber diesen S\u00fcdth\u00fcringer Schwimmverein findet ihr unter&nbsp;www.svwasserfreunde.de FREIZEITZENTRUM&#8222;ROHRER STIRN&#8220; Die Stadtwerke &hellip; Weiter\" \/>\n<meta property=\"og:url\" content=\"https:\/\/24-stunden-schwimmen.de\/?page_id=211\" \/>\n<meta property=\"og:site_name\" content=\"Das Meininger 24-Stunden-Schwimmen\" \/>\n<meta property=\"article:publisher\" content=\"https:\/\/www.facebook.com\/Meininger24StundenSchwimmen\" \/>\n<meta property=\"article:modified_time\" content=\"2021-05-30T20:03:57+00:00\" \/>\n<meta property=\"og:image\" content=\"https:\/\/24-stunden-schwimmen.de\/wp-content\/uploads\/2021\/05\/2020_SVWF_Logo_HaiNo_hoch_RGB-1-1024x542.jpg\" \/>\n<meta name=\"twitter:card\" content=\"summary_large_image\" \/>\n<meta name=\"twitter:label1\" content=\"Gesch\u00e4tzte Lesezeit\" \/>\n\t<meta name=\"twitter:data1\" content=\"2\u00a0Minuten\" \/>\n<script type=\"application\/ld+json\" class=\"yoast-schema-graph\">{\"@context\":\"https:\\\/\\\/schema.org\",\"@graph\":[{\"@type\":\"WebPage\",\"@id\":\"https:\\\/\\\/24-stunden-schwimmen.de\\\/?page_id=211\",\"url\":\"https:\\\/\\\/24-stunden-schwimmen.de\\\/?page_id=211\",\"name\":\"Links - Das Meininger 24-Stunden-Schwimmen\",\"isPartOf\":{\"@id\":\"https:\\\/\\\/24-stunden-schwimmen.de\\\/#website\"},\"primaryImageOfPage\":{\"@id\":\"https:\\\/\\\/24-stunden-schwimmen.de\\\/?page_id=211#primaryimage\"},\"image\":{\"@id\":\"https:\\\/\\\/24-stunden-schwimmen.de\\\/?page_id=211#primaryimage\"},\"thumbnailUrl\":\"https:\\\/\\\/24-stunden-schwimmen.de\\\/wp-content\\\/uploads\\\/2021\\\/05\\\/2020_SVWF_Logo_HaiNo_hoch_RGB-1-1024x542.jpg\",\"datePublished\":\"2021-05-29T18:57:13+00:00\",\"dateModified\":\"2021-05-30T20:03:57+00:00\",\"breadcrumb\":{\"@id\":\"https:\\\/\\\/24-stunden-schwimmen.de\\\/?page_id=211#breadcrumb\"},\"inLanguage\":\"de\",\"potentialAction\":[{\"@type\":\"ReadAction\",\"target\":[\"https:\\\/\\\/24-stunden-schwimmen.de\\\/?page_id=211\"]}]},{\"@type\":\"ImageObject\",\"inLanguage\":\"de\",\"@id\":\"https:\\\/\\\/24-stunden-schwimmen.de\\\/?page_id=211#primaryimage\",\"url\":\"https:\\\/\\\/24-stunden-schwimmen.de\\\/wp-content\\\/uploads\\\/2021\\\/05\\\/2020_SVWF_Logo_HaiNo_hoch_RGB-1.jpg\",\"contentUrl\":\"https:\\\/\\\/24-stunden-schwimmen.de\\\/wp-content\\\/uploads\\\/2021\\\/05\\\/2020_SVWF_Logo_HaiNo_hoch_RGB-1.jpg\",\"width\":1108,\"height\":587},{\"@type\":\"BreadcrumbList\",\"@id\":\"https:\\\/\\\/24-stunden-schwimmen.de\\\/?page_id=211#breadcrumb\",\"itemListElement\":[{\"@type\":\"ListItem\",\"position\":1,\"name\":\"Startseite\",\"item\":\"https:\\\/\\\/24-stunden-schwimmen.de\\\/\"},{\"@type\":\"ListItem\",\"position\":2,\"name\":\"Links\"}]},{\"@type\":\"WebSite\",\"@id\":\"https:\\\/\\\/24-stunden-schwimmen.de\\\/#website\",\"url\":\"https:\\\/\\\/24-stunden-schwimmen.de\\\/\",\"name\":\"Das Meininger 24-Stunden-Schwimmen\",\"description\":\"Der Schwimmklassiker in Meiningen (Th\u00fcringen)\",\"publisher\":{\"@id\":\"https:\\\/\\\/24-stunden-schwimmen.de\\\/#organization\"},\"potentialAction\":[{\"@type\":\"SearchAction\",\"target\":{\"@type\":\"EntryPoint\",\"urlTemplate\":\"https:\\\/\\\/24-stunden-schwimmen.de\\\/?s={search_term_string}\"},\"query-input\":{\"@type\":\"PropertyValueSpecification\",\"valueRequired\":true,\"valueName\":\"search_term_string\"}}],\"inLanguage\":\"de\"},{\"@type\":\"Organization\",\"@id\":\"https:\\\/\\\/24-stunden-schwimmen.de\\\/#organization\",\"name\":\"Meininger Schwimmverein \\\"Wasserfreunde\\\" e.V.\",\"url\":\"https:\\\/\\\/24-stunden-schwimmen.de\\\/\",\"logo\":{\"@type\":\"ImageObject\",\"inLanguage\":\"de\",\"@id\":\"https:\\\/\\\/24-stunden-schwimmen.de\\\/#\\\/schema\\\/logo\\\/image\\\/\",\"url\":\"https:\\\/\\\/24-stunden-schwimmen.de\\\/wp-content\\\/uploads\\\/2023\\\/06\\\/24h-Logo.webp\",\"contentUrl\":\"https:\\\/\\\/24-stunden-schwimmen.de\\\/wp-content\\\/uploads\\\/2023\\\/06\\\/24h-Logo.webp\",\"width\":320,\"height\":330,\"caption\":\"Meininger Schwimmverein \\\"Wasserfreunde\\\" e.V.\"},\"image\":{\"@id\":\"https:\\\/\\\/24-stunden-schwimmen.de\\\/#\\\/schema\\\/logo\\\/image\\\/\"},\"sameAs\":[\"https:\\\/\\\/www.facebook.com\\\/Meininger24StundenSchwimmen\",\"https:\\\/\\\/www.instagram.com\\\/svwasserfreunde\\\/\",\"https:\\\/\\\/www.youtube.com\\\/channel\\\/UC6X4rRlZrgOI3k-11MJbr6A\\\/featured\"]}]}<\/script>\n<!-- \/ Yoast SEO plugin. -->","yoast_head_json":{"title":"Links - Das Meininger 24-Stunden-Schwimmen","robots":{"index":"index","follow":"follow","max-snippet":"max-snippet:-1","max-image-preview":"max-image-preview:large","max-video-preview":"max-video-preview:-1"},"canonical":"https:\/\/24-stunden-schwimmen.de\/?page_id=211","og_locale":"de_DE","og_type":"article","og_title":"Links - Das Meininger 24-Stunden-Schwimmen","og_description":"MEININGER &#8222;SCHWIMMVEREIN&#8220; WASSERFREUNDE e.V. Der Meininger Schwimmverein &#8222;Wasserfreunde&#8220; e.V. organisiert gemeinsam mit dem B\u00e4derteam der Meininger Stadtwerke GmbH, seit der Wiederauflage im Jahr 2007, das Meininger 24-Stunden-Schwimmen. Mehr Informationen \u00fcber diesen S\u00fcdth\u00fcringer Schwimmverein findet ihr unter&nbsp;www.svwasserfreunde.de FREIZEITZENTRUM&#8222;ROHRER STIRN&#8220; Die Stadtwerke &hellip; Weiter","og_url":"https:\/\/24-stunden-schwimmen.de\/?page_id=211","og_site_name":"Das Meininger 24-Stunden-Schwimmen","article_publisher":"https:\/\/www.facebook.com\/Meininger24StundenSchwimmen","article_modified_time":"2021-05-30T20:03:57+00:00","og_image":[{"url":"https:\/\/24-stunden-schwimmen.de\/wp-content\/uploads\/2021\/05\/2020_SVWF_Logo_HaiNo_hoch_RGB-1-1024x542.jpg","type":"","width":"","height":""}],"twitter_card":"summary_large_image","twitter_misc":{"Gesch\u00e4tzte Lesezeit":"2\u00a0Minuten"},"schema":{"@context":"https:\/\/schema.org","@graph":[{"@type":"WebPage","@id":"https:\/\/24-stunden-schwimmen.de\/?page_id=211","url":"https:\/\/24-stunden-schwimmen.de\/?page_id=211","name":"Links - Das Meininger 24-Stunden-Schwimmen","isPartOf":{"@id":"https:\/\/24-stunden-schwimmen.de\/#website"},"primaryImageOfPage":{"@id":"https:\/\/24-stunden-schwimmen.de\/?page_id=211#primaryimage"},"image":{"@id":"https:\/\/24-stunden-schwimmen.de\/?page_id=211#primaryimage"},"thumbnailUrl":"https:\/\/24-stunden-schwimmen.de\/wp-content\/uploads\/2021\/05\/2020_SVWF_Logo_HaiNo_hoch_RGB-1-1024x542.jpg","datePublished":"2021-05-29T18:57:13+00:00","dateModified":"2021-05-30T20:03:57+00:00","breadcrumb":{"@id":"https:\/\/24-stunden-schwimmen.de\/?page_id=211#breadcrumb"},"inLanguage":"de","potentialAction":[{"@type":"ReadAction","target":["https:\/\/24-stunden-schwimmen.de\/?page_id=211"]}]},{"@type":"ImageObject","inLanguage":"de","@id":"https:\/\/24-stunden-schwimmen.de\/?page_id=211#primaryimage","url":"https:\/\/24-stunden-schwimmen.de\/wp-content\/uploads\/2021\/05\/2020_SVWF_Logo_HaiNo_hoch_RGB-1.jpg","contentUrl":"https:\/\/24-stunden-schwimmen.de\/wp-content\/uploads\/2021\/05\/2020_SVWF_Logo_HaiNo_hoch_RGB-1.jpg","width":1108,"height":587},{"@type":"BreadcrumbList","@id":"https:\/\/24-stunden-schwimmen.de\/?page_id=211#breadcrumb","itemListElement":[{"@type":"ListItem","position":1,"name":"Startseite","item":"https:\/\/24-stunden-schwimmen.de\/"},{"@type":"ListItem","position":2,"name":"Links"}]},{"@type":"WebSite","@id":"https:\/\/24-stunden-schwimmen.de\/#website","url":"https:\/\/24-stunden-schwimmen.de\/","name":"Das Meininger 24-Stunden-Schwimmen","description":"Der Schwimmklassiker in Meiningen (Th\u00fcringen)","publisher":{"@id":"https:\/\/24-stunden-schwimmen.de\/#organization"},"potentialAction":[{"@type":"SearchAction","target":{"@type":"EntryPoint","urlTemplate":"https:\/\/24-stunden-schwimmen.de\/?s={search_term_string}"},"query-input":{"@type":"PropertyValueSpecification","valueRequired":true,"valueName":"search_term_string"}}],"inLanguage":"de"},{"@type":"Organization","@id":"https:\/\/24-stunden-schwimmen.de\/#organization","name":"Meininger Schwimmverein \"Wasserfreunde\" e.V.","url":"https:\/\/24-stunden-schwimmen.de\/","logo":{"@type":"ImageObject","inLanguage":"de","@id":"https:\/\/24-stunden-schwimmen.de\/#\/schema\/logo\/image\/","url":"https:\/\/24-stunden-schwimmen.de\/wp-content\/uploads\/2023\/06\/24h-Logo.webp","contentUrl":"https:\/\/24-stunden-schwimmen.de\/wp-content\/uploads\/2023\/06\/24h-Logo.webp","width":320,"height":330,"caption":"Meininger Schwimmverein \"Wasserfreunde\" e.V."},"image":{"@id":"https:\/\/24-stunden-schwimmen.de\/#\/schema\/logo\/image\/"},"sameAs":["https:\/\/www.facebook.com\/Meininger24StundenSchwimmen","https:\/\/www.instagram.com\/svwasserfreunde\/","https:\/\/www.youtube.com\/channel\/UC6X4rRlZrgOI3k-11MJbr6A\/featured"]}]}},"_links":{"self":[{"href":"https:\/\/24-stunden-schwimmen.de\/index.php?rest_route=\/wp\/v2\/pages\/211","targetHints":{"allow":["GET"]}}],"collection":[{"href":"https:\/\/24-stunden-schwimmen.de\/index.php?rest_route=\/wp\/v2\/pages"}],"about":[{"href":"https:\/\/24-stunden-schwimmen.de\/index.php?rest_route=\/wp\/v2\/types\/page"}],"author":[{"embeddable":true,"href":"https:\/\/24-stunden-schwimmen.de\/index.php?rest_route=\/wp\/v2\/users\/3"}],"replies":[{"embeddable":true,"href":"https:\/\/24-stunden-schwimmen.de\/index.php?rest_route=%2Fwp%2Fv2%2Fcomments&post=211"}],"version-history":[{"count":11,"href":"https:\/\/24-stunden-schwimmen.de\/index.php?rest_route=\/wp\/v2\/pages\/211\/revisions"}],"predecessor-version":[{"id":334,"href":"https:\/\/24-stunden-schwimmen.de\/index.php?rest_route=\/wp\/v2\/pages\/211\/revisions\/334"}],"wp:attachment":[{"href":"https:\/\/24-stunden-schwimmen.de\/index.php?rest_route=%2Fwp%2Fv2%2Fmedia&parent=211"}],"curies":[{"name":"wp","href":"https:\/\/api.w.org\/{rel}","templated":true}]}}